{"id":15,"date":"2022-11-20T09:43:08","date_gmt":"2022-11-20T08:43:08","guid":{"rendered":"http:\/\/hebdoshop.com\/?page_id=15"},"modified":"2024-09-05T15:24:56","modified_gmt":"2024-09-05T13:24:56","slug":"landingpage","status":"publish","type":"page","link":"https:\/\/hebdoshop.com\/","title":{"rendered":"Alertes Le Bon Coin"},"content":{"rendered":"\n<div class=\"wp-block-buttons is-layout-flex wp-block-buttons-is-layout-flex\">\n<div class=\"wp-block-button has-custom-width wp-block-button__width-100\" id=\"LOGIN\"><a class=\"wp-block-button__link wp-element-button\" href=\"https:\/\/hebdoshop.com\/wp-login.php?action=register\" rel=\"https:\/\/hebdoshop.com\/wp-login.php?action=register\"><strong>Automatisez vos recherches sur leboncoin !<\/strong><\/a><\/div>\n<\/div>\n\n\n\n<hr class=\"wp-block-separator has-alpha-channel-opacity is-style-wide\"\/>\n\n\n\n<p>Etes-vous dans une des situations ci-dessous, ou approchante? <\/p>\n\n\n\n<div class=\"wp-block-buttons is-content-justification-center is-layout-flex wp-container-core-buttons-is-layout-16018d1d wp-block-buttons-is-layout-flex\">\n<div class=\"wp-block-button\" id=\"LOGIN\"><a class=\"wp-block-button__link wp-element-button\" href=\"https:\/\/hebdoshop.com\/wp-login.php?action=register\" rel=\"https:\/\/hebdoshop.com\/wp-login.php?action=register\">Je m&#8217;inscris<\/a><\/div>\n<\/div>\n\n\n\n<ul class=\"wp-block-list\">\n<li>&#8220;J&#8217;ai besoin d&#8217;\u00eatre le premier inform\u00e9 de la<strong> mise en vente d&#8217;un appartement<\/strong> dans mon budget et dans une certaine ville&#8221;<\/li>\n\n\n\n<li>&#8220;Il faut que je sache avant tout le monde que cette<strong> paire de baskets<\/strong> super rare est disponible&#8221;<\/li>\n\n\n\n<li>&#8220;Ca fait des semaines que je cherche \u00e0 mettre la main sur cette <strong>console en rupture de stocks<\/strong> partout, il me faut une alerte pour enfin l&#8217;obtenir&#8221;<\/li>\n\n\n\n<li>&#8220;Je n&#8217;ai pas la possibilit\u00e9 de <strong>lancer des recherches aussi souvent<\/strong> que je le devrais, il me faudrait un robot!&#8221;<\/li>\n<\/ul>\n\n\n\n<p>&#8220;<strong>Alertes Le Bon Coin&#8221;  est fait pour vous!<\/strong><\/p>\n\n\n\n<div class=\"wp-block-buttons is-content-justification-center is-layout-flex wp-container-core-buttons-is-layout-16018d1d wp-block-buttons-is-layout-flex\">\n<div class=\"wp-block-button\" id=\"LOGIN\"><a class=\"wp-block-button__link wp-element-button\" href=\"https:\/\/hebdoshop.com\/wp-login.php?action=register\" rel=\"https:\/\/hebdoshop.com\/wp-login.php?action=register\">Je m&#8217;inscris<\/a><\/div>\n<\/div>\n\n\n\n<hr class=\"wp-block-separator has-alpha-channel-opacity is-style-wide\"\/>\n\n\n\n<p><\/p>\n\n\n\n<p><\/p>\n\n\n\n<p>Nous avons cr\u00e9\u00e9 un site web tout simple, dont la seule fonctionnalit\u00e9 est de vous permettre de lancer vos recherches automatiquement \u00e0 la fr\u00e9quence que vous d\u00e9cidez.<\/p>\n\n\n\n<div class=\"wp-block-buttons is-content-justification-center is-layout-flex wp-container-core-buttons-is-layout-16018d1d wp-block-buttons-is-layout-flex\">\n<div class=\"wp-block-button\" id=\"LOGIN\"><a class=\"wp-block-button__link wp-element-button\" href=\"https:\/\/hebdoshop.com\/wp-login.php?action=register\" rel=\"https:\/\/hebdoshop.com\/wp-login.php?action=register\">Je m&#8217;inscris<\/a><\/div>\n<\/div>\n\n\n\n<p><\/p>\n\n\n\n<p><\/p>\n\n\n\n<p><\/p>\n\n\n\n<p><\/p>\n","protected":false},"excerpt":{"rendered":"<p>Etes-vous dans une des situations ci-dessous, ou approchante? &#8220;Alertes Le Bon Coin&#8221; est fait pour vous! Nous avons cr\u00e9\u00e9 un site web tout simple, dont la seule fonctionnalit\u00e9 est de vous permettre de lancer vos recherches automatiquement \u00e0 la fr\u00e9quence que vous d\u00e9cidez.<\/p>\n","protected":false},"author":1,"featured_media":0,"parent":0,"menu_order":0,"comment_status":"closed","ping_status":"closed","template":"","meta":{"footnotes":""},"class_list":["post-15","page","type-page","status-publish","hentry","entry"],"_links":{"self":[{"href":"https:\/\/hebdoshop.com\/index.php\/wp-json\/wp\/v2\/pages\/15","targetHints":{"allow":["GET"]}}],"collection":[{"href":"https:\/\/hebdoshop.com\/index.php\/wp-json\/wp\/v2\/pages"}],"about":[{"href":"https:\/\/hebdoshop.com\/index.php\/wp-json\/wp\/v2\/types\/page"}],"author":[{"embeddable":true,"href":"https:\/\/hebdoshop.com\/index.php\/wp-json\/wp\/v2\/users\/1"}],"replies":[{"embeddable":true,"href":"https:\/\/hebdoshop.com\/index.php\/wp-json\/wp\/v2\/comments?post=15"}],"version-history":[{"count":16,"href":"https:\/\/hebdoshop.com\/index.php\/wp-json\/wp\/v2\/pages\/15\/revisions"}],"predecessor-version":[{"id":46,"href":"https:\/\/hebdoshop.com\/index.php\/wp-json\/wp\/v2\/pages\/15\/revisions\/46"}],"wp:attachment":[{"href":"https:\/\/hebdoshop.com\/index.php\/wp-json\/wp\/v2\/media?parent=15"}],"curies":[{"name":"wp","href":"https:\/\/api.w.org\/{rel}","templated":true}]}}